{"id":19,"date":"2019-04-19T06:34:19","date_gmt":"2019-04-19T03:34:19","guid":{"rendered":"http:\/\/demo.zozothemes.com\/miion\/?page_id=19"},"modified":"2023-10-08T19:59:45","modified_gmt":"2023-10-08T16:59:45","slug":"ana-sayfa","status":"publish","type":"page","link":"https:\/\/winandshare.com\/en\/","title":{"rendered":"Home"},"content":{"rendered":"<div data-elementor-type=\"wp-page\" data-elementor-id=\"19\" class=\"elementor elementor-19\">\n\t\t\t\t\t\t\t\t\t<section class=\"elementor-section elementor-top-section elementor-element elementor-element-53e15c58 elementor-section-full_width elementor-section-content-middle elementor-section-height-full elementor-section-stretched elementor-hidden-tablet elementor-hidden-mobile elementor-section-height-default elementor-section-items-middle\" data-id=\"53e15c58\" data-element_type=\"section\" data-settings=\"{&quot;stretch_section&quot;:&quot;section-stretched&quot;,&quot;background_background&quot;:&quot;classic&quot;}\">\n\t\t\t\t\t\t\t<div class=\"elementor-background-overlay\"><\/div>\n\t\t\t\t\t\t\t<div class=\"elementor-container elementor-column-gap-no\">\n\t\t\t\t\t<div class=\"elementor-column elementor-col-100 elementor-top-column elementor-element elementor-element-120c9dd\" data-id=\"120c9dd\" data-element_type=\"column\">\n\t\t\t<div class=\"elementor-widget-wrap elementor-element-populated\">\n\t\t\t\t\t\t\t\t<div class=\"elementor-element elementor-element-18a43c9 elementor--h-position-center elementor--v-position-middle elementor-arrows-position-inside elementor-pagination-position-inside elementor-widget elementor-widget-slides\" data-id=\"18a43c9\" data-element_type=\"widget\" data-settings=\"{&quot;navigation&quot;:&quot;both&quot;,&quot;autoplay&quot;:&quot;yes&quot;,&quot;autoplay_speed&quot;:5000,&quot;infinite&quot;:&quot;yes&quot;,&quot;transition&quot;:&quot;slide&quot;,&quot;transition_speed&quot;:500}\" data-widget_type=\"slides.default\">\n\t\t\t\t<div class=\"elementor-widget-container\">\n\t\t\t<style>\/*! elementor-pro - v3.11.1 - 15-02-2023 *\/\n.elementor-slides .swiper-slide-bg{background-size:cover;background-position:50%;background-repeat:no-repeat;min-width:100%;min-height:100%}.elementor-slides .swiper-slide-inner{background-repeat:no-repeat;background-position:50%;position:absolute;top:0;left:0;bottom:0;right:0;padding:50px;margin:auto}.elementor-slides .swiper-slide-inner,.elementor-slides .swiper-slide-inner:hover{color:#fff;display:flex}.elementor-slides .swiper-slide-inner .elementor-background-overlay{position:absolute;z-index:0;top:0;bottom:0;left:0;right:0}.elementor-slides .swiper-slide-inner .elementor-slide-content{position:relative;z-index:1;width:100%}.elementor-slides .swiper-slide-inner .elementor-slide-heading{font-size:35px;font-weight:700;line-height:1}.elementor-slides .swiper-slide-inner .elementor-slide-description{font-size:17px;line-height:1.4}.elementor-slides .swiper-slide-inner .elementor-slide-description:not(:last-child),.elementor-slides .swiper-slide-inner .elementor-slide-heading:not(:last-child){margin-bottom:30px}.elementor-slides .swiper-slide-inner .elementor-slide-button{border:2px solid #fff;color:#fff;background:transparent;display:inline-block}.elementor-slides .swiper-slide-inner .elementor-slide-button,.elementor-slides .swiper-slide-inner .elementor-slide-button:hover{background:transparent;color:inherit;text-decoration:none}.elementor--v-position-top .swiper-slide-inner{align-items:flex-start}.elementor--v-position-bottom .swiper-slide-inner{align-items:flex-end}.elementor--v-position-middle .swiper-slide-inner{align-items:center}.elementor--h-position-left .swiper-slide-inner{justify-content:flex-start}.elementor--h-position-right .swiper-slide-inner{justify-content:flex-end}.elementor--h-position-center .swiper-slide-inner{justify-content:center}body.rtl .elementor-widget-slides .elementor-swiper-button-next{left:10px;right:auto}body.rtl .elementor-widget-slides .elementor-swiper-button-prev{right:10px;left:auto}.elementor-slides-wrapper div:not(.swiper-slide)>.swiper-slide-inner{display:none}@media (max-width:767px){.elementor-slides .swiper-slide-inner{padding:30px}.elementor-slides .swiper-slide-inner .elementor-slide-heading{font-size:23px;line-height:1;margin-bottom:15px}.elementor-slides .swiper-slide-inner .elementor-slide-description{font-size:13px;line-height:1.4;margin-bottom:15px}}<\/style>\t\t<div class=\"elementor-swiper\">\n\t\t\t<div class=\"elementor-slides-wrapper elementor-main-swiper swiper\" dir=\"ltr\" data-animation=\"fadeInUp\">\n\t\t\t\t<div class=\"swiper-wrapper elementor-slides\">\n\t\t\t\t\t\t\t\t\t\t<div class=\"elementor-repeater-item-a8b6958 swiper-slide\"><div class=\"swiper-slide-bg\"><\/div><div class=\"swiper-slide-inner\" ><div class=\"swiper-slide-contents\"><div class=\"elementor-slide-heading\">Experience The Power Of Professionalism<\/div><div class=\"elementor-slide-description\">\"Creating the concept, determining the service capacity and managing many other overlooked details becomes possible with a professional consultancy service.\"<\/div><\/div><\/div><\/div>\t\t\t\t<\/div>\n\t\t\t\t\t\t\t<\/div>\n\t\t<\/div>\n\t\t\t\t<\/div>\n\t\t\t\t<\/div>\n\t\t\t\t\t<\/div>\n\t\t<\/div>\n\t\t\t\t\t\t\t<\/div>\n\t\t<\/section>\n\t\t\t\t<section class=\"elementor-section elementor-top-section elementor-element elementor-element-31690d0 elementor-section-full_width elementor-section-content-middle elementor-section-height-default elementor-section-height-default\" data-id=\"31690d0\" data-element_type=\"section\">\n\t\t\t\t\t\t<div class=\"elementor-container elementor-column-gap-default\">\n\t\t\t\t\t<div class=\"elementor-column elementor-col-33 elementor-top-column elementor-element elementor-element-eec1376\" data-id=\"eec1376\" data-element_type=\"column\">\n\t\t\t<div class=\"elementor-widget-wrap elementor-element-populated\">\n\t\t\t\t\t\t\t\t<div class=\"elementor-element elementor-element-4b211b2 elementor-widget elementor-widget-image\" data-id=\"4b211b2\" data-element_type=\"widget\" data-settings=\"{&quot;_animation&quot;:&quot;none&quot;}\" data-widget_type=\"image.default\">\n\t\t\t\t<div class=\"elementor-widget-container\">\n\t\t\t<style>\/*! elementor - v3.16.0 - 20-09-2023 *\/\n.elementor-widget-image{text-align:center}.elementor-widget-image a{display:inline-block}.elementor-widget-image a img[src$=\".svg\"]{width:48px}.elementor-widget-image img{vertical-align:middle;display:inline-block}<\/style>\t\t\t\t\t\t\t\t\t\t\t\t<img loading=\"lazy\" decoding=\"async\" width=\"400\" height=\"500\" src=\"https:\/\/winandshare.com\/wp-content\/uploads\/2023\/09\/h-1.png\" class=\"attachment-full size-full wp-image-12343\" alt=\"\" \/>\t\t\t\t\t\t\t\t\t\t\t\t\t\t\t<\/div>\n\t\t\t\t<\/div>\n\t\t\t\t\t<\/div>\n\t\t<\/div>\n\t\t\t\t<div class=\"elementor-column elementor-col-33 elementor-top-column elementor-element elementor-element-0942ef5 elementor-hidden-tablet elementor-hidden-phone\" data-id=\"0942ef5\" data-element_type=\"column\">\n\t\t\t<div class=\"elementor-widget-wrap elementor-element-populated\">\n\t\t\t\t\t\t\t\t<div class=\"elementor-element elementor-element-c492870 elementor-absolute elementor-hidden-tablet elementor-widget elementor-widget-image\" data-id=\"c492870\" data-element_type=\"widget\" data-settings=\"{&quot;_position&quot;:&quot;absolute&quot;,&quot;_animation&quot;:&quot;none&quot;}\" data-widget_type=\"image.default\">\n\t\t\t\t<div class=\"elementor-widget-container\">\n\t\t\t\t\t\t\t\t\t\t\t\t\t\t\t<img loading=\"lazy\" decoding=\"async\" width=\"600\" height=\"640\" src=\"https:\/\/winandshare.com\/wp-content\/uploads\/2023\/09\/h2.jpg\" class=\"attachment-full size-full wp-image-12347\" alt=\"\" \/>\t\t\t\t\t\t\t\t\t\t\t\t\t\t\t<\/div>\n\t\t\t\t<\/div>\n\t\t\t\t\t<\/div>\n\t\t<\/div>\n\t\t\t\t<div class=\"elementor-column elementor-col-33 elementor-top-column elementor-element elementor-element-9725feb\" data-id=\"9725feb\" data-element_type=\"column\" data-settings=\"{&quot;animation&quot;:&quot;none&quot;}\">\n\t\t\t<div class=\"elementor-widget-wrap elementor-element-populated\">\n\t\t\t\t\t\t\t\t<div class=\"elementor-element elementor-element-6dee9c7 elementor-widget elementor-widget-miionsectiontitle\" data-id=\"6dee9c7\" data-element_type=\"widget\" data-widget_type=\"miionsectiontitle.default\">\n\t\t\t\t<div class=\"elementor-widget-container\">\n\t\t\t<div class=\"section-title-wrapper\"><div class=\"title-wrap\"><h2 class=\"section-title\">HOTEL INVESTMENT<\/h2><\/div><!-- .title-wrap --><div class=\"section-description\">By providing an effective consultancy service in the tourism &amp; hospitality sector, we bring together national and international brand experiences with our business partners in many successful projects.\n<br><br>\nOur aim is to meet the expectations of our business partners and provide the highest efficiency by combining the right investment with the right management in the accommodation and hospitality sector. We ensure that businesses maximize their reputation and become a big brand by managing the investment by the right and expert people. For this reason, we believe that it is our most important mission to offer all our knowledge and experience to investors and employers so that they can achieve these goals.<\/div><!-- .section-description --><\/div><!-- .section-title-wrapper -->\t\t<\/div>\n\t\t\t\t<\/div>\n\t\t\t\t\t<\/div>\n\t\t<\/div>\n\t\t\t\t\t\t\t<\/div>\n\t\t<\/section>\n\t\t\t\t<section class=\"elementor-section elementor-top-section elementor-element elementor-element-6c3a8cdb elementor-section-stretched elementor-section-boxed elementor-section-height-default elementor-section-height-default\" data-id=\"6c3a8cdb\" data-element_type=\"section\" data-settings=\"{&quot;stretch_section&quot;:&quot;section-stretched&quot;,&quot;background_background&quot;:&quot;classic&quot;}\">\n\t\t\t\t\t\t\t<div class=\"elementor-background-overlay\"><\/div>\n\t\t\t\t\t\t\t<div class=\"elementor-container elementor-column-gap-default\">\n\t\t\t\t\t<div class=\"elementor-column elementor-col-33 elementor-top-column elementor-element elementor-element-7c2f20a4\" data-id=\"7c2f20a4\" data-element_type=\"column\">\n\t\t\t<div class=\"elementor-widget-wrap\">\n\t\t\t\t\t\t\t\t\t<\/div>\n\t\t<\/div>\n\t\t\t\t<div class=\"elementor-column elementor-col-33 elementor-top-column elementor-element elementor-element-1b583397\" data-id=\"1b583397\" data-element_type=\"column\">\n\t\t\t<div class=\"elementor-widget-wrap elementor-element-populated\">\n\t\t\t\t\t\t\t\t<div class=\"elementor-element elementor-element-7e51e86 elementor-widget elementor-widget-text-editor\" data-id=\"7e51e86\" data-element_type=\"widget\" data-widget_type=\"text-editor.default\">\n\t\t\t\t<div class=\"elementor-widget-container\">\n\t\t\t<style>\/*! elementor - v3.16.0 - 20-09-2023 *\/\n.elementor-widget-text-editor.elementor-drop-cap-view-stacked .elementor-drop-cap{background-color:#69727d;color:#fff}.elementor-widget-text-editor.elementor-drop-cap-view-framed .elementor-drop-cap{color:#69727d;border:3px solid;background-color:transparent}.elementor-widget-text-editor:not(.elementor-drop-cap-view-default) .elementor-drop-cap{margin-top:8px}.elementor-widget-text-editor:not(.elementor-drop-cap-view-default) .elementor-drop-cap-letter{width:1em;height:1em}.elementor-widget-text-editor .elementor-drop-cap{float:left;text-align:center;line-height:1;font-size:50px}.elementor-widget-text-editor .elementor-drop-cap-letter{display:inline-block}<\/style>\t\t\t\t<p>We are with you at every stage of your hotel investments... You can always contact us for any information, consultancy or support you need.<\/p>\t\t\t\t\t\t<\/div>\n\t\t\t\t<\/div>\n\t\t\t\t\t<\/div>\n\t\t<\/div>\n\t\t\t\t<div class=\"elementor-column elementor-col-33 elementor-top-column elementor-element elementor-element-1d97d50f\" data-id=\"1d97d50f\" data-element_type=\"column\">\n\t\t\t<div class=\"elementor-widget-wrap\">\n\t\t\t\t\t\t\t\t\t<\/div>\n\t\t<\/div>\n\t\t\t\t\t\t\t<\/div>\n\t\t<\/section>\n\t\t\t\t<section class=\"elementor-section elementor-top-section elementor-element elementor-element-6e252824 elementor-section-boxed elementor-section-height-default elementor-section-height-default\" data-id=\"6e252824\" data-element_type=\"section\">\n\t\t\t\t\t\t<div class=\"elementor-container elementor-column-gap-default\">\n\t\t\t\t\t<div class=\"elementor-column elementor-col-33 elementor-top-column elementor-element elementor-element-6d5d25a3\" data-id=\"6d5d25a3\" data-element_type=\"column\">\n\t\t\t<div class=\"elementor-widget-wrap\">\n\t\t\t\t\t\t\t\t\t<\/div>\n\t\t<\/div>\n\t\t\t\t<div class=\"elementor-column elementor-col-33 elementor-top-column elementor-element elementor-element-b084881\" data-id=\"b084881\" data-element_type=\"column\">\n\t\t\t<div class=\"elementor-widget-wrap elementor-element-populated\">\n\t\t\t\t\t\t\t\t<div class=\"elementor-element elementor-element-23bc6bb3 elementor-widget elementor-widget-miionsectiontitle\" data-id=\"23bc6bb3\" data-element_type=\"widget\" data-widget_type=\"miionsectiontitle.default\">\n\t\t\t\t<div class=\"elementor-widget-container\">\n\t\t\t<div class=\"section-title-wrapper text-center\"><div class=\"title-wrap\"><h3 class=\"section-title\">Our Services<\/h3><\/div><!-- .title-wrap --><div class=\"section-description\"><\/div><!-- .section-description --><\/div><!-- .section-title-wrapper -->\t\t<\/div>\n\t\t\t\t<\/div>\n\t\t\t\t\t<\/div>\n\t\t<\/div>\n\t\t\t\t<div class=\"elementor-column elementor-col-33 elementor-top-column elementor-element elementor-element-4958c884\" data-id=\"4958c884\" data-element_type=\"column\">\n\t\t\t<div class=\"elementor-widget-wrap\">\n\t\t\t\t\t\t\t\t\t<\/div>\n\t\t<\/div>\n\t\t\t\t\t\t\t<\/div>\n\t\t<\/section>\n\t\t\t\t<section class=\"elementor-section elementor-top-section elementor-element elementor-element-6be1cd1e elementor-section-boxed elementor-section-height-default elementor-section-height-default\" data-id=\"6be1cd1e\" data-element_type=\"section\">\n\t\t\t\t\t\t<div class=\"elementor-container elementor-column-gap-default\">\n\t\t\t\t\t<div class=\"elementor-column elementor-col-100 elementor-top-column elementor-element elementor-element-54da1caa\" data-id=\"54da1caa\" data-element_type=\"column\">\n\t\t\t<div class=\"elementor-widget-wrap elementor-element-populated\">\n\t\t\t\t\t\t\t\t<div class=\"elementor-element elementor-element-513b8b2 elementor-widget elementor-widget-miionservice\" data-id=\"513b8b2\" data-element_type=\"widget\" data-widget_type=\"miionservice.default\">\n\t\t\t\t<div class=\"elementor-widget-container\">\n\t\t\t<div class=\"service-wrapper service-modern service-dark\" data-css=\"&quot;&quot;\"><div class=\"row\"><div class=\"col-lg-4 col-md-4\"><div class=\"service-inner\"><div class=\"service-thumb\"><img loading=\"lazy\" decoding=\"async\" width=\"1041\" height=\"694\" src=\"https:\/\/winandshare.com\/wp-content\/uploads\/2019\/04\/otel-yatirim-planlamasi.jpg\" class=\"img-fluid wp-post-image\" alt=\"\" \/><\/div><!-- .service-thumb --><h5 class=\"service-title\"><a href=\"https:\/\/winandshare.com\/en\/hizmetler\/otel-yatirim-planlamasi-proje-gelistirme\/\">Hotel Investment Planning &amp; Project Development<\/a><\/h5><!-- .service-title --><\/div><!-- .service-inner --><\/div><!-- .cols --><div class=\"col-lg-4 col-md-4\"><div class=\"service-inner\"><div class=\"service-thumb\"><img loading=\"lazy\" decoding=\"async\" width=\"1041\" height=\"694\" src=\"https:\/\/winandshare.com\/wp-content\/uploads\/2023\/09\/otel-yatirim-danismanligi.jpg\" class=\"img-fluid wp-post-image\" alt=\"\" \/><\/div><!-- .service-thumb --><h5 class=\"service-title\"><a href=\"https:\/\/winandshare.com\/en\/hizmetler\/otel-yonetim-ve-butce-planlama-danismanligi\/\">Hotel Management and Budget Planning Consultancy<\/a><\/h5><!-- .service-title --><\/div><!-- .service-inner --><\/div><!-- .cols --><div class=\"col-lg-4 col-md-4\"><div class=\"service-inner\"><div class=\"service-thumb\"><img loading=\"lazy\" decoding=\"async\" width=\"1041\" height=\"694\" src=\"https:\/\/winandshare.com\/wp-content\/uploads\/2023\/09\/teknoloji-danismanligi.jpg\" class=\"img-fluid wp-post-image\" alt=\"\" \/><\/div><!-- .service-thumb --><h5 class=\"service-title\"><a href=\"https:\/\/winandshare.com\/en\/hizmetler\/teknoloji-danismanligi\/\">Technology Consulting<\/a><\/h5><!-- .service-title --><\/div><!-- .service-inner --><\/div><!-- .cols --><\/div><!-- .row --><div class=\"row\"><div class=\"col-lg-4 col-md-4\"><div class=\"service-inner\"><div class=\"service-thumb\"><img loading=\"lazy\" decoding=\"async\" width=\"1041\" height=\"694\" src=\"https:\/\/winandshare.com\/wp-content\/uploads\/2023\/09\/otel-oncesi.jpg\" class=\"img-fluid wp-post-image\" alt=\"\" \/><\/div><!-- .service-thumb --><h5 class=\"service-title\"><a href=\"https:\/\/winandshare.com\/en\/hizmetler\/yeniden-markalama-re-branding-danismanligi\/\">Rebranding \/ Re-Branding Consultancy<\/a><\/h5><!-- .service-title --><\/div><!-- .service-inner --><\/div><!-- .cols --><div class=\"col-lg-4 col-md-4\"><div class=\"service-inner\"><div class=\"service-thumb\"><img loading=\"lazy\" decoding=\"async\" width=\"1041\" height=\"694\" src=\"https:\/\/winandshare.com\/wp-content\/uploads\/2023\/09\/proje-yonetimi.jpg\" class=\"img-fluid wp-post-image\" alt=\"\" \/><\/div><!-- .service-thumb --><h5 class=\"service-title\"><a href=\"https:\/\/winandshare.com\/en\/hizmetler\/insan-kaynaklari-yonetimi\/\">Human Resources Management<\/a><\/h5><!-- .service-title --><\/div><!-- .service-inner --><\/div><!-- .cols --><div class=\"col-lg-4 col-md-4\"><div class=\"service-inner\"><div class=\"service-thumb\"><img loading=\"lazy\" decoding=\"async\" width=\"1041\" height=\"694\" src=\"https:\/\/winandshare.com\/wp-content\/uploads\/2023\/09\/satis-pazarlama.jpg\" class=\"img-fluid wp-post-image\" alt=\"\" \/><\/div><!-- .service-thumb --><h5 class=\"service-title\"><a href=\"https:\/\/winandshare.com\/en\/hizmetler\/otel-satis-ve-pazarlama-danismanligi\/\">Hotel Sales and Marketing Consultancy<\/a><\/h5><!-- .service-title --><\/div><!-- .service-inner --><\/div><!-- .cols --><\/div><!-- .row --><\/div><!-- .service-wrapper -->\t\t<\/div>\n\t\t\t\t<\/div>\n\t\t\t\t\t<\/div>\n\t\t<\/div>\n\t\t\t\t\t\t\t<\/div>\n\t\t<\/section>\n\t\t\t\t<section class=\"elementor-section elementor-top-section elementor-element elementor-element-596ef4b0 elementor-section-boxed elementor-section-height-default elementor-section-height-default\" data-id=\"596ef4b0\" data-element_type=\"section\">\n\t\t\t\t\t\t<div class=\"elementor-container elementor-column-gap-default\">\n\t\t\t\t\t<div class=\"elementor-column elementor-col-50 elementor-top-column elementor-element elementor-element-28ba2e92\" data-id=\"28ba2e92\" data-element_type=\"column\">\n\t\t\t<div class=\"elementor-widget-wrap elementor-element-populated\">\n\t\t\t\t\t\t\t\t<div class=\"elementor-element elementor-element-2b827a4c elementor-widget elementor-widget-miionsectiontitle\" data-id=\"2b827a4c\" data-element_type=\"widget\" data-widget_type=\"miionsectiontitle.default\">\n\t\t\t\t<div class=\"elementor-widget-container\">\n\t\t\t<div class=\"section-title-wrapper text-left\"><div class=\"title-wrap\"><h3 class=\"section-title\">Message from the President<\/h3><\/div><!-- .title-wrap --><div class=\"section-description\">Win &amp; Share is a companion of tourism investors from the start of their projects, providing support in processes such as project development, pre-opening process and management of hotel operations. Our company has been operating since 2008 and currently serves investors in Turkey and abroad.<br><br>\n\nWhat makes us special is that we have more than 15 years of experience in international hotel management. Thanks to this experience, we have the ability to contribute to the efficient development of projects and we offer this competence from the planning stage.\n<br><br>\nThe long-term cooperation we maintain with our clients is the strongest proof that we have achieved this goal. Our mission is to provide tailor-made solutions and personalized services as a consultancy firm that best understands the needs of tourism investors.<\/div><!-- .section-description --><\/div><!-- .section-title-wrapper -->\t\t<\/div>\n\t\t\t\t<\/div>\n\t\t\t\t\t<\/div>\n\t\t<\/div>\n\t\t\t\t<div class=\"elementor-column elementor-col-50 elementor-top-column elementor-element elementor-element-13029408\" data-id=\"13029408\" data-element_type=\"column\">\n\t\t\t<div class=\"elementor-widget-wrap elementor-element-populated\">\n\t\t\t\t\t\t\t\t<div class=\"elementor-element elementor-element-1bd81c5e verticalMove animated-slow elementor-widget elementor-widget-image\" data-id=\"1bd81c5e\" data-element_type=\"widget\" data-settings=\"{&quot;_animation&quot;:&quot;none&quot;}\" data-widget_type=\"image.default\">\n\t\t\t\t<div class=\"elementor-widget-container\">\n\t\t\t\t\t\t\t\t\t\t\t\t\t\t\t<img loading=\"lazy\" decoding=\"async\" width=\"555\" height=\"694\" src=\"https:\/\/winandshare.com\/wp-content\/uploads\/2023\/09\/H10afec8034374ca1b808afc37477f335b.jpg\" class=\"attachment-large size-large wp-image-12506\" alt=\"\" \/>\t\t\t\t\t\t\t\t\t\t\t\t\t\t\t<\/div>\n\t\t\t\t<\/div>\n\t\t\t\t\t<\/div>\n\t\t<\/div>\n\t\t\t\t\t\t\t<\/div>\n\t\t<\/section>\n\t\t\t\t\t\t\t<\/div>","protected":false},"excerpt":{"rendered":"<p>Profesyonelli\u011fin G\u00fcc\u00fcn\u00fc Deneyimleyin&#8221;Konsept olu\u015fturmak, hizmet kapasitesini belirlemek ve g\u00f6zden ka\u00e7\u0131r\u0131lan di\u011fer pek \u00e7ok ayr\u0131nt\u0131y\u0131 y\u00f6netmek, profesyonel bir dan\u0131\u015fmanl\u0131k hizmeti ile m\u00fcmk\u00fcn hale gelir.&#8221; OTEL YATIRIM Turizm &#038; Otelcilik sekt\u00f6r\u00fcnde etkili bir dan\u0131\u015fmanl\u0131k hizmeti sunarak, ulusal ve uluslararas\u0131 marka deneyimlerini i\u015f ortaklar\u0131m\u0131zla bir\u00e7ok ba\u015far\u0131l\u0131 projede bir araya getiriyoruz. Konaklama ve Otelcilik sekt\u00f6r\u00fcnde do\u011fru yat\u0131r\u0131m\u0131 do\u011fru y\u00f6netimle<\/p>","protected":false},"author":1,"featured_media":0,"parent":0,"menu_order":0,"comment_status":"closed","ping_status":"closed","template":"","meta":{"footnotes":""},"class_list":["post-19","page","type-page","status-publish","hentry"],"_links":{"self":[{"href":"https:\/\/winandshare.com\/en\/wp-json\/wp\/v2\/pages\/19","targetHints":{"allow":["GET"]}}],"collection":[{"href":"https:\/\/winandshare.com\/en\/wp-json\/wp\/v2\/pages"}],"about":[{"href":"https:\/\/winandshare.com\/en\/wp-json\/wp\/v2\/types\/page"}],"author":[{"embeddable":true,"href":"https:\/\/winandshare.com\/en\/wp-json\/wp\/v2\/users\/1"}],"replies":[{"embeddable":true,"href":"https:\/\/winandshare.com\/en\/wp-json\/wp\/v2\/comments?post=19"}],"version-history":[{"count":108,"href":"https:\/\/winandshare.com\/en\/wp-json\/wp\/v2\/pages\/19\/revisions"}],"predecessor-version":[{"id":12639,"href":"https:\/\/winandshare.com\/en\/wp-json\/wp\/v2\/pages\/19\/revisions\/12639"}],"wp:attachment":[{"href":"https:\/\/winandshare.com\/en\/wp-json\/wp\/v2\/media?parent=19"}],"curies":[{"name":"wp","href":"https:\/\/api.w.org\/{rel}","templated":true}]}}