{"id":5171,"date":"2019-04-24T06:37:05","date_gmt":"2019-04-24T03:37:05","guid":{"rendered":"http:\/\/demo.zozothemes.com\/miion\/team-copy-copy\/"},"modified":"2023-10-08T22:01:05","modified_gmt":"2023-10-08T19:01:05","slug":"kariyer","status":"publish","type":"page","link":"https:\/\/winandshare.com\/en\/kariyer\/","title":{"rendered":"Career"},"content":{"rendered":"<div data-elementor-type=\"wp-post\" data-elementor-id=\"5171\" class=\"elementor elementor-5171\">\n\t\t\t\t\t\t\t\t\t<section class=\"elementor-section elementor-top-section elementor-element elementor-element-11b3999 elementor-section-full_width elementor-section-content-middle elementor-section-height-default elementor-section-height-default\" data-id=\"11b3999\" data-element_type=\"section\" data-settings=\"{&quot;background_background&quot;:&quot;classic&quot;}\">\n\t\t\t\t\t\t<div class=\"elementor-container elementor-column-gap-default\">\n\t\t\t\t\t<div class=\"elementor-column elementor-col-100 elementor-top-column elementor-element elementor-element-c09d2f4\" data-id=\"c09d2f4\" data-element_type=\"column\">\n\t\t\t<div class=\"elementor-widget-wrap elementor-element-populated\">\n\t\t\t\t\t\t\t\t<div class=\"elementor-element elementor-element-7283b42 elementor-widget elementor-widget-text-editor\" data-id=\"7283b42\" data-element_type=\"widget\" data-widget_type=\"text-editor.default\">\n\t\t\t\t<div class=\"elementor-widget-container\">\n\t\t\t<style>\/*! elementor - v3.16.0 - 20-09-2023 *\/\n.elementor-widget-text-editor.elementor-drop-cap-view-stacked .elementor-drop-cap{background-color:#69727d;color:#fff}.elementor-widget-text-editor.elementor-drop-cap-view-framed .elementor-drop-cap{color:#69727d;border:3px solid;background-color:transparent}.elementor-widget-text-editor:not(.elementor-drop-cap-view-default) .elementor-drop-cap{margin-top:8px}.elementor-widget-text-editor:not(.elementor-drop-cap-view-default) .elementor-drop-cap-letter{width:1em;height:1em}.elementor-widget-text-editor .elementor-drop-cap{float:left;text-align:center;line-height:1;font-size:50px}.elementor-widget-text-editor .elementor-drop-cap-letter{display:inline-block}<\/style>\t\t\t\t<p>We wholeheartedly believe that the most valuable asset in the hospitality industry is its employees. Acting with this belief, we work diligently to place the right person in the right project and in the right position.<\/p>\t\t\t\t\t\t<\/div>\n\t\t\t\t<\/div>\n\t\t\t\t\t<\/div>\n\t\t<\/div>\n\t\t\t\t\t\t\t<\/div>\n\t\t<\/section>\n\t\t\t\t<section class=\"elementor-section elementor-top-section elementor-element elementor-element-8b9c59d elementor-section-full_width elementor-section-content-middle elementor-section-height-default elementor-section-height-default\" data-id=\"8b9c59d\" data-element_type=\"section\" data-settings=\"{&quot;background_background&quot;:&quot;classic&quot;}\">\n\t\t\t\t\t\t<div class=\"elementor-container elementor-column-gap-default\">\n\t\t\t\t\t<div class=\"elementor-column elementor-col-100 elementor-top-column elementor-element elementor-element-c8e0cd5\" data-id=\"c8e0cd5\" data-element_type=\"column\">\n\t\t\t<div class=\"elementor-widget-wrap elementor-element-populated\">\n\t\t\t\t\t\t\t\t<div class=\"elementor-element elementor-element-d1383a0 elementor-widget elementor-widget-text-editor\" data-id=\"d1383a0\" data-element_type=\"widget\" data-widget_type=\"text-editor.default\">\n\t\t\t\t<div class=\"elementor-widget-container\">\n\t\t\t\t\t\t\tFor your application, please send your CV to info@winandshare.com.\t\t\t\t\t\t<\/div>\n\t\t\t\t<\/div>\n\t\t\t\t\t<\/div>\n\t\t<\/div>\n\t\t\t\t\t\t\t<\/div>\n\t\t<\/section>\n\t\t\t\t\t\t\t<\/div>","protected":false},"excerpt":{"rendered":"<p>Otelcilik sekt\u00f6r\u00fcnde, en de\u011ferli varl\u0131\u011f\u0131n \u00e7al\u0131\u015fanlar oldu\u011funa g\u00f6n\u00fclden inan\u0131yoruz. Bu inan\u00e7la hareket ederek, do\u011fru ki\u015fiyi do\u011fru projede ve do\u011fru pozisyonda yerle\u015ftirmek i\u00e7in \u00f6zenle \u00e7al\u0131\u015f\u0131yoruz. Ba\u015fvurunuz i\u00e7in l\u00fctfen info@winandshare.com adresine CV&#8217;nizi g\u00f6nderiniz.<\/p>","protected":false},"author":1,"featured_media":0,"parent":0,"menu_order":0,"comment_status":"closed","ping_status":"closed","template":"","meta":{"footnotes":""},"class_list":["post-5171","page","type-page","status-publish","hentry"],"_links":{"self":[{"href":"https:\/\/winandshare.com\/en\/wp-json\/wp\/v2\/pages\/5171","targetHints":{"allow":["GET"]}}],"collection":[{"href":"https:\/\/winandshare.com\/en\/wp-json\/wp\/v2\/pages"}],"about":[{"href":"https:\/\/winandshare.com\/en\/wp-json\/wp\/v2\/types\/page"}],"author":[{"embeddable":true,"href":"https:\/\/winandshare.com\/en\/wp-json\/wp\/v2\/users\/1"}],"replies":[{"embeddable":true,"href":"https:\/\/winandshare.com\/en\/wp-json\/wp\/v2\/comments?post=5171"}],"version-history":[{"count":11,"href":"https:\/\/winandshare.com\/en\/wp-json\/wp\/v2\/pages\/5171\/revisions"}],"predecessor-version":[{"id":12642,"href":"https:\/\/winandshare.com\/en\/wp-json\/wp\/v2\/pages\/5171\/revisions\/12642"}],"wp:attachment":[{"href":"https:\/\/winandshare.com\/en\/wp-json\/wp\/v2\/media?parent=5171"}],"curies":[{"name":"wp","href":"https:\/\/api.w.org\/{rel}","templated":true}]}}