{"id":9559,"date":"2019-09-06T04:04:06","date_gmt":"2019-09-06T01:04:06","guid":{"rendered":"http:\/\/demo.zozothemes.com\/miion\/?page_id=9559"},"modified":"2023-09-18T15:58:07","modified_gmt":"2023-09-18T12:58:07","slug":"hakkimizda","status":"publish","type":"page","link":"https:\/\/winandshare.com\/en\/hakkimizda\/","title":{"rendered":"About Us"},"content":{"rendered":"<div data-elementor-type=\"wp-post\" data-elementor-id=\"9559\" class=\"elementor elementor-9559\">\n\t\t\t\t\t\t\t\t\t<section class=\"elementor-section elementor-top-section elementor-element elementor-element-5375346 elementor-section-boxed elementor-section-height-default elementor-section-height-default\" data-id=\"5375346\" data-element_type=\"section\">\n\t\t\t\t\t\t<div class=\"elementor-container elementor-column-gap-wider\">\n\t\t\t\t\t<div class=\"elementor-column elementor-col-100 elementor-top-column elementor-element elementor-element-750a80f elementor-invisible\" data-id=\"750a80f\" data-element_type=\"column\" data-settings=\"{&quot;animation&quot;:&quot;fadeInRight&quot;}\">\n\t\t\t<div class=\"elementor-widget-wrap elementor-element-populated\">\n\t\t\t\t\t\t\t\t<section class=\"elementor-section elementor-inner-section elementor-element elementor-element-49d7d9c elementor-section-boxed elementor-section-height-default elementor-section-height-default\" data-id=\"49d7d9c\" data-element_type=\"section\">\n\t\t\t\t\t\t<div class=\"elementor-container elementor-column-gap-default\">\n\t\t\t\t\t<div class=\"elementor-column elementor-col-100 elementor-inner-column elementor-element elementor-element-97347c3\" data-id=\"97347c3\" data-element_type=\"column\">\n\t\t\t<div class=\"elementor-widget-wrap elementor-element-populated\">\n\t\t\t\t\t\t\t\t<div class=\"elementor-element elementor-element-2c72be4 elementor-widget elementor-widget-text-editor\" data-id=\"2c72be4\" data-element_type=\"widget\" data-widget_type=\"text-editor.default\">\n\t\t\t\t<div class=\"elementor-widget-container\">\n\t\t\t<style>\/*! elementor - v3.16.0 - 20-09-2023 *\/\n.elementor-widget-text-editor.elementor-drop-cap-view-stacked .elementor-drop-cap{background-color:#69727d;color:#fff}.elementor-widget-text-editor.elementor-drop-cap-view-framed .elementor-drop-cap{color:#69727d;border:3px solid;background-color:transparent}.elementor-widget-text-editor:not(.elementor-drop-cap-view-default) .elementor-drop-cap{margin-top:8px}.elementor-widget-text-editor:not(.elementor-drop-cap-view-default) .elementor-drop-cap-letter{width:1em;height:1em}.elementor-widget-text-editor .elementor-drop-cap{float:left;text-align:center;line-height:1;font-size:50px}.elementor-widget-text-editor .elementor-drop-cap-letter{display:inline-block}<\/style>\t\t\t\t<p><strong>Who Are We?<\/strong><\/p><p>Inspired by more than 15 years of tourism experience, Win &amp; Share offers consultancy services to guide your new tourism investments or existing projects. In the field of hotel management and investment consultancy, we guide you in the development of your project and management of processes starting from the investment decision stage.<\/p><p><strong>Why Us?<\/strong><\/p><p>Businesses may need consultancy services for various reasons. We offer you the most suitable consultancy service with our expert staff on issues such as providing qualified information for investors who are considering establishing a new tourism business, management consultancy for businesses, staff training and evaluation services, investment integration with national and international hotel brands, architectural design and project design \/ innovation processes, evaluation and development of hotel sales processes, customer relations and implementation of loyalty programs.<\/p><p><strong>Our Values<\/strong><\/p><ul><li>Being people-oriented<\/li><li>Respect for human beings<\/li><li>Respecting the environment<\/li><li>Being solution-oriented<\/li><li>Providing professional and practical solutions<\/li><li>Equality<\/li><li>Being objective<\/li><li>Business ethics and confidentiality<\/li><li>Being sustainable<\/li><\/ul>\t\t\t\t\t\t<\/div>\n\t\t\t\t<\/div>\n\t\t\t\t\t<\/div>\n\t\t<\/div>\n\t\t\t\t\t\t\t<\/div>\n\t\t<\/section>\n\t\t\t\t\t<\/div>\n\t\t<\/div>\n\t\t\t\t\t\t\t<\/div>\n\t\t<\/section>\n\t\t\t\t<section class=\"elementor-section elementor-top-section elementor-element elementor-element-c048050 elementor-section-stretched elementor-section-boxed elementor-section-height-default elementor-section-height-default\" data-id=\"c048050\" data-element_type=\"section\" data-settings=\"{&quot;stretch_section&quot;:&quot;section-stretched&quot;,&quot;background_background&quot;:&quot;classic&quot;}\">\n\t\t\t\t\t\t<div class=\"elementor-container elementor-column-gap-default\">\n\t\t\t\t\t<div class=\"elementor-column elementor-col-50 elementor-top-column elementor-element elementor-element-de37f57\" data-id=\"de37f57\" data-element_type=\"column\">\n\t\t\t<div class=\"elementor-widget-wrap elementor-element-populated\">\n\t\t\t\t\t\t\t\t<div class=\"elementor-element elementor-element-a55ae53 elementor-widget elementor-widget-miionfeaturebox\" data-id=\"a55ae53\" data-element_type=\"widget\" data-widget_type=\"miionfeaturebox.default\">\n\t\t\t\t<div class=\"elementor-widget-container feature-box-wrapper text-left\" data-css=\"&quot;&quot;\">\r\n\t\t\t<div class=\"media\"><div class=\"media-icon-part align-self-center\"><div class=\"feature-box-icon\"><span class=\"text-center icon-icon-light rounded-circle fbox-icon-middle ti-mobile\"><\/span><\/div><\/div><div class=\"media-body\"><h5 class=\"feature-box-title\">Contact us for your new projects<\/h5><div class=\"fbox-content\">+90 212 000 00 00<\/div><\/div><!-- .media-body --><\/div><!-- .media -->\t\t<\/div>\r\n\t\t\t\t<\/div>\n\t\t\t\t<div class=\"elementor-element elementor-element-a9f3acc elementor-invisible elementor-widget elementor-widget-miionfeaturebox\" data-id=\"a9f3acc\" data-element_type=\"widget\" data-settings=\"{&quot;_animation&quot;:&quot;fadeInUp&quot;}\" data-widget_type=\"miionfeaturebox.default\">\n\t\t\t\t<div class=\"elementor-widget-container feature-box-wrapper text-left feature-box-modern shortcode-rand-2 miion-inline-css\" data-css=\"&quot;.shortcode-rand-2.feature-box-wrapper .feature-box-inner &gt; *:nth-child(1), .shortcode-rand-2.feature-box-wrapper &gt; .media &gt; .media-body &gt; *:nth-child(1) { margin-bottom: 10px; }&quot;\">\r\n\t\t\t<div class=\"feature-box-inner\"><h5 class=\"feature-box-title\">Our Mission<\/h5><div class=\"fbox-content\">With the understanding that \"nature does not need us, we need nature\", we are here to contribute to environmentally friendly, environmentally compatible, innovative and people-oriented hotel and tourism projects with our knowledge and experience. Our mission is to continuously create value for investors in line with the principles of sustainable growth and high profitability by providing our customers with a strong solution partnership in making the right decisions.<\/div><\/div>\t\t<\/div>\r\n\t\t\t\t<\/div>\n\t\t\t\t<div class=\"elementor-element elementor-element-cdd9dd2 elementor-invisible elementor-widget elementor-widget-miionfeaturebox\" data-id=\"cdd9dd2\" data-element_type=\"widget\" data-settings=\"{&quot;_animation&quot;:&quot;fadeInUp&quot;}\" data-widget_type=\"miionfeaturebox.default\">\n\t\t\t\t<div class=\"elementor-widget-container feature-box-wrapper text-left feature-box-modern shortcode-rand-3 miion-inline-css\" data-css=\"&quot;.shortcode-rand-3.feature-box-wrapper .feature-box-inner &gt; *:nth-child(1), .shortcode-rand-3.feature-box-wrapper &gt; .media &gt; .media-body &gt; *:nth-child(1) { margin-bottom: 10px; }&quot;\">\r\n\t\t\t<div class=\"feature-box-inner\"><h5 class=\"feature-box-title\">Our Vision<\/h5><div class=\"fbox-content\">Together with our clients and business partners, we aim to take them to a competitive level in the national and international arena, not only throughout their projects, but also by taking care of their corporate structure and values. We aim to continuously grow as an exemplary and sought-after consultancy company over the years.<\/div><\/div>\t\t<\/div>\r\n\t\t\t\t<\/div>\n\t\t\t\t\t<\/div>\n\t\t<\/div>\n\t\t\t\t<div class=\"elementor-column elementor-col-50 elementor-top-column elementor-element elementor-element-cf0ff4f\" data-id=\"cf0ff4f\" data-element_type=\"column\">\n\t\t\t<div class=\"elementor-widget-wrap elementor-element-populated\">\n\t\t\t\t\t\t\t\t<div class=\"elementor-element elementor-element-5c09ea2 elementor-widget elementor-widget-image\" data-id=\"5c09ea2\" data-element_type=\"widget\" data-widget_type=\"image.default\">\n\t\t\t\t<div class=\"elementor-widget-container\">\n\t\t\t<style>\/*! elementor - v3.16.0 - 20-09-2023 *\/\n.elementor-widget-image{text-align:center}.elementor-widget-image a{display:inline-block}.elementor-widget-image a img[src$=\".svg\"]{width:48px}.elementor-widget-image img{vertical-align:middle;display:inline-block}<\/style>\t\t\t\t\t\t\t\t\t\t\t\t<img loading=\"lazy\" decoding=\"async\" width=\"1024\" height=\"1280\" src=\"https:\/\/winandshare.com\/wp-content\/uploads\/2023\/09\/H10afec8034374ca1b808afc37477f335b.jpg\" class=\"attachment-full size-full wp-image-12506\" alt=\"\" \/>\t\t\t\t\t\t\t\t\t\t\t\t\t\t\t<\/div>\n\t\t\t\t<\/div>\n\t\t\t\t\t<\/div>\n\t\t<\/div>\n\t\t\t\t\t\t\t<\/div>\n\t\t<\/section>\n\t\t\t\t\t\t\t<\/div>","protected":false},"excerpt":{"rendered":"<p>Biz Kimiz? Win &amp; Share, 15 y\u0131ldan fazla turizm deneyiminden ilham alarak, yeni turizm yat\u0131r\u0131mlar\u0131n\u0131z\u0131 veya mevcut projelerinizi y\u00f6nlendirmek i\u00e7in dan\u0131\u015fmanl\u0131k hizmetleri sunar. Otel y\u00f6netim ve yat\u0131r\u0131m dan\u0131\u015fmanl\u0131\u011f\u0131 alan\u0131nda, yat\u0131r\u0131m karar\u0131 a\u015famas\u0131ndan ba\u015flayarak projenizin geli\u015ftirilmesi ve s\u00fcre\u00e7lerin y\u00f6netilmesi konusunda size rehberlik ediyoruz. Neden Biz? \u0130\u015fletmeler, \u00e7e\u015fitli nedenlerle dan\u0131\u015fmanl\u0131k hizmetlerine ihtiya\u00e7 duyabilir. Yeni bir turizm i\u015fletmesi<\/p>","protected":false},"author":1,"featured_media":0,"parent":0,"menu_order":0,"comment_status":"closed","ping_status":"closed","template":"","meta":{"footnotes":""},"class_list":["post-9559","page","type-page","status-publish","hentry"],"_links":{"self":[{"href":"https:\/\/winandshare.com\/en\/wp-json\/wp\/v2\/pages\/9559","targetHints":{"allow":["GET"]}}],"collection":[{"href":"https:\/\/winandshare.com\/en\/wp-json\/wp\/v2\/pages"}],"about":[{"href":"https:\/\/winandshare.com\/en\/wp-json\/wp\/v2\/types\/page"}],"author":[{"embeddable":true,"href":"https:\/\/winandshare.com\/en\/wp-json\/wp\/v2\/users\/1"}],"replies":[{"embeddable":true,"href":"https:\/\/winandshare.com\/en\/wp-json\/wp\/v2\/comments?post=9559"}],"version-history":[{"count":5,"href":"https:\/\/winandshare.com\/en\/wp-json\/wp\/v2\/pages\/9559\/revisions"}],"predecessor-version":[{"id":12548,"href":"https:\/\/winandshare.com\/en\/wp-json\/wp\/v2\/pages\/9559\/revisions\/12548"}],"wp:attachment":[{"href":"https:\/\/winandshare.com\/en\/wp-json\/wp\/v2\/media?parent=9559"}],"curies":[{"name":"wp","href":"https:\/\/api.w.org\/{rel}","templated":true}]}}